{"id":28601,"date":"2026-01-30T10:37:44","date_gmt":"2026-01-30T15:37:44","guid":{"rendered":"https:\/\/fuzzymuzik.com\/?post_type=product&#038;p=28601"},"modified":"2026-04-04T11:53:14","modified_gmt":"2026-04-04T15:53:14","slug":"david-byron-take-no-prisoners-lp-_-in-shrink-hype-sticker-uk-press","status":"publish","type":"product","link":"https:\/\/fuzzymuzik.com\/en\/product\/david-byron-take-no-prisoners-lp-_-in-shrink-hype-sticker-uk-press\/","title":{"rendered":"David Byron \u2013 Take No Prisoners LP _ In shrink w\/ Dutchy&rsquo;s Record Cave hype sticker ! UK PRESS"},"content":{"rendered":"","protected":false},"excerpt":{"rendered":"<p>Acquis dans un \u00e9tat exceptionnel ! Vient avec sa facture d&rsquo;origine et un Dutchy&rsquo;s Record Cave hype sticker !<\/p>\n<p>Vinyle, LP, Album, Label :\u00a0 Bronze ILPS 9342,1975 UK<\/p>\n<p>Vinyl condition: NM-<\/p>\n<p>\u00c9tat de la pochette : EX\u00a0 in shrink !\u00a0 Hypre sticker w\/ois. Coin sup\u00e9rieur gauche l\u00e9g\u00e8re usure. Facture d&rsquo;origine incluse.<\/p>\n<p>_____<\/p>\n<p>We use disc images for reference only. Please note that the photos shown are for reference only. Please refer to our legend to fully understand the condition.<\/p>","protected":false},"featured_media":28602,"template":"","meta":[],"product_brand":[],"product_cat":[144,155,143,27,33],"product_tag":[],"class_list":{"0":"post-28601","1":"product","2":"type-product","3":"status-publish","4":"has-post-thumbnail","6":"product_cat-hard-rock","7":"product_cat-la-voute-disques-rares-vinyles-usages","8":"product_cat-rock-vinyles-usages","9":"product_cat-vinyles","10":"product_cat-vinyles-usages","11":"product_shipping_class-disques-us","13":"first","14":"instock","15":"sold-individually","16":"taxable","17":"shipping-taxable","18":"purchasable","19":"product-type-simple"},"_links":{"self":[{"href":"https:\/\/fuzzymuzik.com\/en\/wp-json\/wp\/v2\/product\/28601","targetHints":{"allow":["GET"]}}],"collection":[{"href":"https:\/\/fuzzymuzik.com\/en\/wp-json\/wp\/v2\/product"}],"about":[{"href":"https:\/\/fuzzymuzik.com\/en\/wp-json\/wp\/v2\/types\/product"}],"wp:featuredmedia":[{"embeddable":true,"href":"https:\/\/fuzzymuzik.com\/en\/wp-json\/wp\/v2\/media\/28602"}],"wp:attachment":[{"href":"https:\/\/fuzzymuzik.com\/en\/wp-json\/wp\/v2\/media?parent=28601"}],"wp:term":[{"taxonomy":"product_brand","embeddable":true,"href":"https:\/\/fuzzymuzik.com\/en\/wp-json\/wp\/v2\/product_brand?post=28601"},{"taxonomy":"product_cat","embeddable":true,"href":"https:\/\/fuzzymuzik.com\/en\/wp-json\/wp\/v2\/product_cat?post=28601"},{"taxonomy":"product_tag","embeddable":true,"href":"https:\/\/fuzzymuzik.com\/en\/wp-json\/wp\/v2\/product_tag?post=28601"}],"curies":[{"name":"wp","href":"https:\/\/api.w.org\/{rel}","templated":true}]}}