{"id":28215,"date":"2025-01-18T09:53:07","date_gmt":"2025-01-18T14:53:07","guid":{"rendered":"https:\/\/fuzzymuzik.com\/?post_type=product&#038;p=28215"},"modified":"2026-03-31T21:24:38","modified_gmt":"2026-04-01T01:24:38","slug":"weather-report-mysterious-traveller-lp-_-in-shrink-w-insert","status":"publish","type":"product","link":"https:\/\/fuzzymuzik.com\/en\/product\/weather-report-mysterious-traveller-lp-_-in-shrink-w-insert\/","title":{"rendered":"Weather Report - Mysterious Traveller LP _ In shrink ! w\/ insert"},"content":{"rendered":"","protected":false},"excerpt":{"rendered":"<p>Toujours avec le price sticker du Discomanie \u00e0 $4.99 on shrink ! Vient avec un insert. Nous avons d&rsquo;ailleurs ajout\u00e9 les photos de cette copie sur Discogs car ce qui figurait en ligne \u00e9tait tr\u00e8s m\u00e9diocre.<\/p>\n<p>Vinyle, LP, Album, Label : Columbia \u2013 KC 32494, (c)1974, Canada<\/p>\n<p>Vinyl condition: NM-<\/p>\n<p>\u00c9tat de la pochette : NM-, in shrink w\/ insert<\/p>\n<p>&nbsp;<\/p>\n<p>_____<\/p>\n<p>We use disc images for reference only. Please note that the photos shown are for reference only. Please refer to our legend to fully understand the condition.<\/p>","protected":false},"featured_media":28216,"template":"","meta":[],"product_brand":[],"product_cat":[40,143,27,33],"product_tag":[],"class_list":{"0":"post-28215","1":"product","2":"type-product","3":"status-publish","4":"has-post-thumbnail","6":"product_cat-jazz","7":"product_cat-rock-vinyles-usages","8":"product_cat-vinyles","9":"product_cat-vinyles-usages","10":"product_shipping_class-disques-us","12":"first","13":"instock","14":"sold-individually","15":"taxable","16":"shipping-taxable","17":"purchasable","18":"product-type-simple"},"_links":{"self":[{"href":"https:\/\/fuzzymuzik.com\/en\/wp-json\/wp\/v2\/product\/28215","targetHints":{"allow":["GET"]}}],"collection":[{"href":"https:\/\/fuzzymuzik.com\/en\/wp-json\/wp\/v2\/product"}],"about":[{"href":"https:\/\/fuzzymuzik.com\/en\/wp-json\/wp\/v2\/types\/product"}],"wp:featuredmedia":[{"embeddable":true,"href":"https:\/\/fuzzymuzik.com\/en\/wp-json\/wp\/v2\/media\/28216"}],"wp:attachment":[{"href":"https:\/\/fuzzymuzik.com\/en\/wp-json\/wp\/v2\/media?parent=28215"}],"wp:term":[{"taxonomy":"product_brand","embeddable":true,"href":"https:\/\/fuzzymuzik.com\/en\/wp-json\/wp\/v2\/product_brand?post=28215"},{"taxonomy":"product_cat","embeddable":true,"href":"https:\/\/fuzzymuzik.com\/en\/wp-json\/wp\/v2\/product_cat?post=28215"},{"taxonomy":"product_tag","embeddable":true,"href":"https:\/\/fuzzymuzik.com\/en\/wp-json\/wp\/v2\/product_tag?post=28215"}],"curies":[{"name":"wp","href":"https:\/\/api.w.org\/{rel}","templated":true}]}}