{"id":28210,"date":"2025-01-18T09:47:21","date_gmt":"2025-01-18T14:47:21","guid":{"rendered":"https:\/\/fuzzymuzik.com\/?post_type=product&#038;p=28210"},"modified":"2025-01-18T10:50:20","modified_gmt":"2025-01-18T15:50:20","slug":"weather-report-i-sing-the-body-electric-lp-_-in-shrink","status":"publish","type":"product","link":"https:\/\/fuzzymuzik.com\/en\/product\/weather-report-i-sing-the-body-electric-lp-_-in-shrink\/","title":{"rendered":"Weather Report - I Sing The Body Electric LP _ In shrink !"},"content":{"rendered":"","protected":false},"excerpt":{"rendered":"<p>Toujours avec le price sticker du Discomanie \u00e0 $4.99. Cette version peu courante ne b\u00e9n\u00e9ficiait pas de photos sur Discogs. Nous venons d&rsquo;ailleurs de les ajouter.<\/p>\n<p>Vinyle, LP, Album, Label : Columbia \u2013 KC 31352, (c)1972, Canada<\/p>\n<p>Vinyl condition: NM-<\/p>\n<p>Condition of cover: NM-, in shrink<\/p>\n<p>&nbsp;<\/p>\n<p>_____<\/p>\n<p>We use disc images for reference only. Please note that the photos shown are for reference only. Please refer to our legend to fully understand the condition.<\/p>","protected":false},"featured_media":28211,"template":"","meta":[],"product_brand":[],"product_cat":[40,27,33],"product_tag":[],"class_list":{"0":"post-28210","1":"product","2":"type-product","3":"status-publish","4":"has-post-thumbnail","6":"product_cat-jazz","7":"product_cat-vinyles","8":"product_cat-vinyles-usages","9":"product_shipping_class-disques-us","11":"first","12":"instock","13":"sold-individually","14":"taxable","15":"shipping-taxable","16":"purchasable","17":"product-type-simple"},"_links":{"self":[{"href":"https:\/\/fuzzymuzik.com\/en\/wp-json\/wp\/v2\/product\/28210","targetHints":{"allow":["GET"]}}],"collection":[{"href":"https:\/\/fuzzymuzik.com\/en\/wp-json\/wp\/v2\/product"}],"about":[{"href":"https:\/\/fuzzymuzik.com\/en\/wp-json\/wp\/v2\/types\/product"}],"wp:featuredmedia":[{"embeddable":true,"href":"https:\/\/fuzzymuzik.com\/en\/wp-json\/wp\/v2\/media\/28211"}],"wp:attachment":[{"href":"https:\/\/fuzzymuzik.com\/en\/wp-json\/wp\/v2\/media?parent=28210"}],"wp:term":[{"taxonomy":"product_brand","embeddable":true,"href":"https:\/\/fuzzymuzik.com\/en\/wp-json\/wp\/v2\/product_brand?post=28210"},{"taxonomy":"product_cat","embeddable":true,"href":"https:\/\/fuzzymuzik.com\/en\/wp-json\/wp\/v2\/product_cat?post=28210"},{"taxonomy":"product_tag","embeddable":true,"href":"https:\/\/fuzzymuzik.com\/en\/wp-json\/wp\/v2\/product_tag?post=28210"}],"curies":[{"name":"wp","href":"https:\/\/api.w.org\/{rel}","templated":true}]}}