{"id":28022,"date":"2025-01-12T09:47:58","date_gmt":"2025-01-12T14:47:58","guid":{"rendered":"https:\/\/fuzzymuzik.com\/?post_type=product&#038;p=28022"},"modified":"2026-03-31T21:12:37","modified_gmt":"2026-04-01T01:12:37","slug":"streetheart-quicksand-shoes-lp-_-in-shrink-w-juno-award-hype-sticker","status":"publish","type":"product","link":"https:\/\/fuzzymuzik.com\/en\/product\/streetheart-quicksand-shoes-lp-_-in-shrink-w-juno-award-hype-sticker\/","title":{"rendered":"Streetheart \u2013 Quicksand Shoes LP _ In shrink ! w\/ \u00ab\u00a0Juno award\u00a0\u00bb hype sticker"},"content":{"rendered":"","protected":false},"excerpt":{"rendered":"<p>Dans cet \u00e9tat, rarement vu ! Acquis dans un \u00e9tat exceptionnel, avec un hype sticker que nous voyons pour la premi\u00e8re fois !<\/p>\n<p>Vinyle, LP, Album, Label : WEA \u2013 XWEA-92005, 1980, Canada<\/p>\n<p>Vinyl condition: NM-<\/p>\n<p>\u00c9tat de la pochette : NM-, in shrink !, w\/ rare hype sticker.<\/p>\n<p>_____<\/p>\n<p>We use disc images for reference only. Please note that the photos shown are for reference only. Please refer to our legend to fully understand the condition.<\/p>","protected":false},"featured_media":28027,"template":"","meta":[],"product_brand":[],"product_cat":[144,143,27,33],"product_tag":[],"class_list":{"0":"post-28022","1":"product","2":"type-product","3":"status-publish","4":"has-post-thumbnail","6":"product_cat-hard-rock","7":"product_cat-rock-vinyles-usages","8":"product_cat-vinyles","9":"product_cat-vinyles-usages","10":"product_shipping_class-disques-us","12":"first","13":"instock","14":"sold-individually","15":"taxable","16":"shipping-taxable","17":"purchasable","18":"product-type-simple"},"_links":{"self":[{"href":"https:\/\/fuzzymuzik.com\/en\/wp-json\/wp\/v2\/product\/28022","targetHints":{"allow":["GET"]}}],"collection":[{"href":"https:\/\/fuzzymuzik.com\/en\/wp-json\/wp\/v2\/product"}],"about":[{"href":"https:\/\/fuzzymuzik.com\/en\/wp-json\/wp\/v2\/types\/product"}],"wp:featuredmedia":[{"embeddable":true,"href":"https:\/\/fuzzymuzik.com\/en\/wp-json\/wp\/v2\/media\/28027"}],"wp:attachment":[{"href":"https:\/\/fuzzymuzik.com\/en\/wp-json\/wp\/v2\/media?parent=28022"}],"wp:term":[{"taxonomy":"product_brand","embeddable":true,"href":"https:\/\/fuzzymuzik.com\/en\/wp-json\/wp\/v2\/product_brand?post=28022"},{"taxonomy":"product_cat","embeddable":true,"href":"https:\/\/fuzzymuzik.com\/en\/wp-json\/wp\/v2\/product_cat?post=28022"},{"taxonomy":"product_tag","embeddable":true,"href":"https:\/\/fuzzymuzik.com\/en\/wp-json\/wp\/v2\/product_tag?post=28022"}],"curies":[{"name":"wp","href":"https:\/\/api.w.org\/{rel}","templated":true}]}}