{"id":28003,"date":"2026-03-05T18:13:43","date_gmt":"2026-03-05T23:13:43","guid":{"rendered":"https:\/\/fuzzymuzik.com\/?post_type=product&#038;p=28003"},"modified":"2026-04-04T16:36:41","modified_gmt":"2026-04-04T20:36:41","slug":"jacques-michel-s-o-s-lp-_-in-shrink","status":"publish","type":"product","link":"https:\/\/fuzzymuzik.com\/en\/product\/jacques-michel-s-o-s-lp-_-in-shrink\/","title":{"rendered":"Jacques Michel - S.O.S. LP _ In shrink !"},"content":{"rendered":"","protected":false},"excerpt":{"rendered":"<p>Le Zodiaque 6000 ! Album fort sous-estim\u00e9, tr\u00e9sor qu\u00e9b\u00e9cois \u00e0 l&rsquo;humble avis de celui qui \u00e9crit ces mots.<\/p>\n<p>Vinyle, LP, Album, Label : Les Disques Zodiaque \u2013 ZOX-6000, 1971, Canada<\/p>\n<p>Vinyl condition: EX++<\/p>\n<p>\u00c9tat de la pochette : NM-, gatefold, in shrink !<\/p>\n<p>_____<\/p>\n<p>We use disc images for reference only. Please note that the photos shown are for reference only. Please refer to our legend to fully understand the condition.<\/p>","protected":false},"featured_media":28005,"template":"","meta":[],"product_brand":[],"product_cat":[115,27,33],"product_tag":[],"class_list":{"0":"post-28003","1":"product","2":"type-product","3":"status-publish","4":"has-post-thumbnail","6":"product_cat-quebecois-francophone-vinyles-usages","7":"product_cat-vinyles","8":"product_cat-vinyles-usages","9":"product_shipping_class-disques-us","11":"first","12":"instock","13":"sold-individually","14":"taxable","15":"shipping-taxable","16":"purchasable","17":"product-type-simple"},"_links":{"self":[{"href":"https:\/\/fuzzymuzik.com\/en\/wp-json\/wp\/v2\/product\/28003","targetHints":{"allow":["GET"]}}],"collection":[{"href":"https:\/\/fuzzymuzik.com\/en\/wp-json\/wp\/v2\/product"}],"about":[{"href":"https:\/\/fuzzymuzik.com\/en\/wp-json\/wp\/v2\/types\/product"}],"wp:featuredmedia":[{"embeddable":true,"href":"https:\/\/fuzzymuzik.com\/en\/wp-json\/wp\/v2\/media\/28005"}],"wp:attachment":[{"href":"https:\/\/fuzzymuzik.com\/en\/wp-json\/wp\/v2\/media?parent=28003"}],"wp:term":[{"taxonomy":"product_brand","embeddable":true,"href":"https:\/\/fuzzymuzik.com\/en\/wp-json\/wp\/v2\/product_brand?post=28003"},{"taxonomy":"product_cat","embeddable":true,"href":"https:\/\/fuzzymuzik.com\/en\/wp-json\/wp\/v2\/product_cat?post=28003"},{"taxonomy":"product_tag","embeddable":true,"href":"https:\/\/fuzzymuzik.com\/en\/wp-json\/wp\/v2\/product_tag?post=28003"}],"curies":[{"name":"wp","href":"https:\/\/api.w.org\/{rel}","templated":true}]}}