{"id":27848,"date":"2024-12-31T16:28:48","date_gmt":"2024-12-31T21:28:48","guid":{"rendered":"https:\/\/fuzzymuzik.com\/?post_type=product&#038;p=27848"},"modified":"2026-03-31T21:04:22","modified_gmt":"2026-04-01T01:04:22","slug":"debbie-harry-kookoo-lp-_-1981","status":"publish","type":"product","link":"https:\/\/fuzzymuzik.com\/en\/product\/debbie-harry-kookoo-lp-_-1981\/","title":{"rendered":"Debbie Harry - KooKoo LP _ 1981"},"content":{"rendered":"","protected":false},"excerpt":{"rendered":"<p>Vinyl, Album, Label: Chrysalis - CHR 1347, 1981, Canada, Club Edition (rare)<\/p>\n<p><span style=\"font-weight: 400;\">Vinyl condition: NM-<\/span><\/p>\n<p><span style=\"font-weight: 400;\">\u00c9tat de la pochette : NM-, w\/ OIS, \u00e9criture inside sleeve o\u00f9 s&rsquo;ins\u00e8re le vinyle, donc pas apparent.<\/span><\/p>\n<p>_____<\/p>\n<p><i><span style=\"font-weight: 400;\">We use disc images for reference only. Please note that the photos shown are for reference only. Please refer to our legend to fully understand the condition.<\/span><\/i><\/p>","protected":false},"featured_media":27850,"template":"","meta":[],"product_brand":[],"product_cat":[56,60,143,27,33],"product_tag":[],"class_list":{"0":"post-27848","1":"product","2":"type-product","3":"status-publish","4":"has-post-thumbnail","6":"product_cat-alternatif","7":"product_cat-electro-ambient","8":"product_cat-rock-vinyles-usages","9":"product_cat-vinyles","10":"product_cat-vinyles-usages","11":"product_shipping_class-disques-us","13":"first","14":"instock","15":"sold-individually","16":"taxable","17":"shipping-taxable","18":"purchasable","19":"product-type-simple"},"_links":{"self":[{"href":"https:\/\/fuzzymuzik.com\/en\/wp-json\/wp\/v2\/product\/27848","targetHints":{"allow":["GET"]}}],"collection":[{"href":"https:\/\/fuzzymuzik.com\/en\/wp-json\/wp\/v2\/product"}],"about":[{"href":"https:\/\/fuzzymuzik.com\/en\/wp-json\/wp\/v2\/types\/product"}],"wp:featuredmedia":[{"embeddable":true,"href":"https:\/\/fuzzymuzik.com\/en\/wp-json\/wp\/v2\/media\/27850"}],"wp:attachment":[{"href":"https:\/\/fuzzymuzik.com\/en\/wp-json\/wp\/v2\/media?parent=27848"}],"wp:term":[{"taxonomy":"product_brand","embeddable":true,"href":"https:\/\/fuzzymuzik.com\/en\/wp-json\/wp\/v2\/product_brand?post=27848"},{"taxonomy":"product_cat","embeddable":true,"href":"https:\/\/fuzzymuzik.com\/en\/wp-json\/wp\/v2\/product_cat?post=27848"},{"taxonomy":"product_tag","embeddable":true,"href":"https:\/\/fuzzymuzik.com\/en\/wp-json\/wp\/v2\/product_tag?post=27848"}],"curies":[{"name":"wp","href":"https:\/\/api.w.org\/{rel}","templated":true}]}}