{"id":27825,"date":"2024-12-31T16:01:51","date_gmt":"2024-12-31T21:01:51","guid":{"rendered":"https:\/\/fuzzymuzik.com\/?post_type=product&#038;p=27825"},"modified":"2026-03-31T21:04:40","modified_gmt":"2026-04-01T01:04:40","slug":"blondie-eat-to-the-beat-lp-_-1979","status":"publish","type":"product","link":"https:\/\/fuzzymuzik.com\/en\/product\/blondie-eat-to-the-beat-lp-_-1979\/","title":{"rendered":"Blondie - Eat To The Beat LP _ 1979"},"content":{"rendered":"","protected":false},"excerpt":{"rendered":"<p>Vinyl, Album, Label : Chrysalis - CHE-501225, 1979, Canada, Club Edition<\/p>\n<p><span style=\"font-weight: 400;\">Vinyl condition: NM-<\/span><\/p>\n<p><span style=\"font-weight: 400;\">\u00c9tat de la pochette : NM-, w\/ thick cardboard OIS, \u00e9criture inside sleeve o\u00f9 s&rsquo;ins\u00e8re le vinyle, donc pas apparent.<\/span><\/p>\n<p>_____<\/p>\n<p><i><span style=\"font-weight: 400;\">We use disc images for reference only. Please note that the photos shown are for reference only. Please refer to our legend to fully understand the condition.<\/span><\/i><\/p>","protected":false},"featured_media":27829,"template":"","meta":[],"product_brand":[],"product_cat":[56,60,62,143,27,33],"product_tag":[],"class_list":{"0":"post-27825","1":"product","2":"type-product","3":"status-publish","4":"has-post-thumbnail","6":"product_cat-alternatif","7":"product_cat-electro-ambient","8":"product_cat-reggea-ska","9":"product_cat-rock-vinyles-usages","10":"product_cat-vinyles","11":"product_cat-vinyles-usages","12":"product_shipping_class-disques-us","14":"first","15":"instock","16":"sold-individually","17":"taxable","18":"shipping-taxable","19":"purchasable","20":"product-type-simple"},"_links":{"self":[{"href":"https:\/\/fuzzymuzik.com\/en\/wp-json\/wp\/v2\/product\/27825","targetHints":{"allow":["GET"]}}],"collection":[{"href":"https:\/\/fuzzymuzik.com\/en\/wp-json\/wp\/v2\/product"}],"about":[{"href":"https:\/\/fuzzymuzik.com\/en\/wp-json\/wp\/v2\/types\/product"}],"wp:featuredmedia":[{"embeddable":true,"href":"https:\/\/fuzzymuzik.com\/en\/wp-json\/wp\/v2\/media\/27829"}],"wp:attachment":[{"href":"https:\/\/fuzzymuzik.com\/en\/wp-json\/wp\/v2\/media?parent=27825"}],"wp:term":[{"taxonomy":"product_brand","embeddable":true,"href":"https:\/\/fuzzymuzik.com\/en\/wp-json\/wp\/v2\/product_brand?post=27825"},{"taxonomy":"product_cat","embeddable":true,"href":"https:\/\/fuzzymuzik.com\/en\/wp-json\/wp\/v2\/product_cat?post=27825"},{"taxonomy":"product_tag","embeddable":true,"href":"https:\/\/fuzzymuzik.com\/en\/wp-json\/wp\/v2\/product_tag?post=27825"}],"curies":[{"name":"wp","href":"https:\/\/api.w.org\/{rel}","templated":true}]}}