{"id":27810,"date":"2024-12-31T15:42:21","date_gmt":"2024-12-31T20:42:21","guid":{"rendered":"https:\/\/fuzzymuzik.com\/?post_type=product&#038;p=27810"},"modified":"2026-03-31T21:05:33","modified_gmt":"2026-04-01T01:05:33","slug":"minuit-minuit-lp-dwight-druick-lp-%f0%9f%94%a5%f0%9f%94%a5","status":"publish","type":"product","link":"https:\/\/fuzzymuzik.com\/en\/product\/minuit-minuit-lp-dwight-druick-lp-%f0%9f%94%a5%f0%9f%94%a5\/","title":{"rendered":"Minuit - Minuit LP (Dwight Druick) LP \ud83d\udd25"},"content":{"rendered":"","protected":false},"excerpt":{"rendered":"<p>Vinyl, Album, Label: Unison - UN-7902, 1979, Canada<\/p>\n<p><span style=\"font-weight: 400;\">Vinyl condition: EX++ to NM-<\/span><\/p>\n<p><span style=\"font-weight: 400;\">\u00c9tat de la pochette : VG+ : wear at seams, light promotional saw cut, \u00e9criture inside sleeve o\u00f9 s&rsquo;ins\u00e8re le vinyle, donc pas apparent.<\/span><\/p>\n<p>_____<\/p>\n<p><i><span style=\"font-weight: 400;\">We use disc images for reference only. Please note that the photos shown are for reference only. Please refer to our legend to fully understand the condition.<\/span><\/i><\/p>","protected":false},"featured_media":27814,"template":"","meta":[],"product_brand":[],"product_cat":[125,115,143,27,33],"product_tag":[],"class_list":{"0":"post-27810","1":"product","2":"type-product","3":"status-publish","4":"has-post-thumbnail","6":"product_cat-funk-soul","7":"product_cat-quebecois-francophone-vinyles-usages","8":"product_cat-rock-vinyles-usages","9":"product_cat-vinyles","10":"product_cat-vinyles-usages","11":"product_shipping_class-disques-us","13":"first","14":"instock","15":"sold-individually","16":"taxable","17":"shipping-taxable","18":"purchasable","19":"product-type-simple"},"_links":{"self":[{"href":"https:\/\/fuzzymuzik.com\/en\/wp-json\/wp\/v2\/product\/27810","targetHints":{"allow":["GET"]}}],"collection":[{"href":"https:\/\/fuzzymuzik.com\/en\/wp-json\/wp\/v2\/product"}],"about":[{"href":"https:\/\/fuzzymuzik.com\/en\/wp-json\/wp\/v2\/types\/product"}],"wp:featuredmedia":[{"embeddable":true,"href":"https:\/\/fuzzymuzik.com\/en\/wp-json\/wp\/v2\/media\/27814"}],"wp:attachment":[{"href":"https:\/\/fuzzymuzik.com\/en\/wp-json\/wp\/v2\/media?parent=27810"}],"wp:term":[{"taxonomy":"product_brand","embeddable":true,"href":"https:\/\/fuzzymuzik.com\/en\/wp-json\/wp\/v2\/product_brand?post=27810"},{"taxonomy":"product_cat","embeddable":true,"href":"https:\/\/fuzzymuzik.com\/en\/wp-json\/wp\/v2\/product_cat?post=27810"},{"taxonomy":"product_tag","embeddable":true,"href":"https:\/\/fuzzymuzik.com\/en\/wp-json\/wp\/v2\/product_tag?post=27810"}],"curies":[{"name":"wp","href":"https:\/\/api.w.org\/{rel}","templated":true}]}}