{"id":27794,"date":"2024-12-31T15:08:51","date_gmt":"2024-12-31T20:08:51","guid":{"rendered":"https:\/\/fuzzymuzik.com\/?post_type=product&#038;p=27794"},"modified":"2026-03-31T21:05:57","modified_gmt":"2026-04-01T01:05:57","slug":"spyro-gyra-catching-the-sun-lp","status":"publish","type":"product","link":"https:\/\/fuzzymuzik.com\/en\/product\/spyro-gyra-catching-the-sun-lp\/","title":{"rendered":"Spyro Gyra - Catching The Sun LP"},"content":{"rendered":"","protected":false},"excerpt":{"rendered":"<p>Vinyle, Album, Label : MCA Records \u2013 MCA-5108, 1980, Canada<\/p>\n<p><span style=\"font-weight: 400;\">\u00c9tat du vinyle : NM-, MCA Blue Labels<\/span><\/p>\n<p><span style=\"font-weight: 400;\">\u00c9tat de la pochette : NM-, gatefold, w\/ IR branded generic OIS, \u00e9criture inside sleeve o\u00f9 s&rsquo;ins\u00e8re le vinyle (pas inside gatefold), donc pas apparent.<\/span><\/p>\n<p>_____<\/p>\n<p><i><span style=\"font-weight: 400;\">We use disc images for reference only. Please note that the photos shown are for reference only. Please refer to our legend to fully understand the condition.<\/span><\/i><\/p>","protected":false},"featured_media":27797,"template":"","meta":[],"product_brand":[],"product_cat":[125,40,118,143,27,33],"product_tag":[],"class_list":{"0":"post-27794","1":"product","2":"type-product","3":"status-publish","4":"has-post-thumbnail","6":"product_cat-funk-soul","7":"product_cat-jazz","8":"product_cat-liquidations","9":"product_cat-rock-vinyles-usages","10":"product_cat-vinyles","11":"product_cat-vinyles-usages","12":"product_shipping_class-disques-us","14":"first","15":"instock","16":"sale","17":"sold-individually","18":"taxable","19":"shipping-taxable","20":"purchasable","21":"product-type-simple"},"_links":{"self":[{"href":"https:\/\/fuzzymuzik.com\/en\/wp-json\/wp\/v2\/product\/27794","targetHints":{"allow":["GET"]}}],"collection":[{"href":"https:\/\/fuzzymuzik.com\/en\/wp-json\/wp\/v2\/product"}],"about":[{"href":"https:\/\/fuzzymuzik.com\/en\/wp-json\/wp\/v2\/types\/product"}],"wp:featuredmedia":[{"embeddable":true,"href":"https:\/\/fuzzymuzik.com\/en\/wp-json\/wp\/v2\/media\/27797"}],"wp:attachment":[{"href":"https:\/\/fuzzymuzik.com\/en\/wp-json\/wp\/v2\/media?parent=27794"}],"wp:term":[{"taxonomy":"product_brand","embeddable":true,"href":"https:\/\/fuzzymuzik.com\/en\/wp-json\/wp\/v2\/product_brand?post=27794"},{"taxonomy":"product_cat","embeddable":true,"href":"https:\/\/fuzzymuzik.com\/en\/wp-json\/wp\/v2\/product_cat?post=27794"},{"taxonomy":"product_tag","embeddable":true,"href":"https:\/\/fuzzymuzik.com\/en\/wp-json\/wp\/v2\/product_tag?post=27794"}],"curies":[{"name":"wp","href":"https:\/\/api.w.org\/{rel}","templated":true}]}}