{"id":27752,"date":"2024-12-31T14:42:27","date_gmt":"2024-12-31T19:42:27","guid":{"rendered":"https:\/\/fuzzymuzik.com\/?post_type=product&#038;p=27752"},"modified":"2026-03-31T21:06:53","modified_gmt":"2026-04-01T01:06:53","slug":"powder-blues-party-line-lp-_-1982","status":"publish","type":"product","link":"https:\/\/fuzzymuzik.com\/en\/product\/powder-blues-party-line-lp-_-1982\/","title":{"rendered":"Powder Blues - Party Line LP _ 1982"},"content":{"rendered":"","protected":false},"excerpt":{"rendered":"<p>Vinyl, Album, Label: Liberty - LT 51136, 1982, Canada<\/p>\n<p><span style=\"font-weight: 400;\">Vinyl condition: NM-<\/span><\/p>\n<p><span style=\"font-weight: 400;\">\u00c9tat de la pochette : NM-,\u00e9criture inside sleeve o\u00f9 s&rsquo;ins\u00e8re le vinyle donc pas apparent.<\/span><\/p>\n<p>_____<\/p>\n<p><i><span style=\"font-weight: 400;\">We use disc images for reference only. Please note that the photos shown are for reference only. Please refer to our legend to fully understand the condition.<\/span><\/i><\/p>","protected":false},"featured_media":27753,"template":"","meta":[],"product_brand":[],"product_cat":[147,143,27,33],"product_tag":[],"class_list":{"0":"post-27752","1":"product","2":"type-product","3":"status-publish","4":"has-post-thumbnail","6":"product_cat-blues-folk-vinyles-usages","7":"product_cat-rock-vinyles-usages","8":"product_cat-vinyles","9":"product_cat-vinyles-usages","10":"product_shipping_class-disques-us","12":"first","13":"instock","14":"sold-individually","15":"taxable","16":"shipping-taxable","17":"purchasable","18":"product-type-simple"},"_links":{"self":[{"href":"https:\/\/fuzzymuzik.com\/en\/wp-json\/wp\/v2\/product\/27752","targetHints":{"allow":["GET"]}}],"collection":[{"href":"https:\/\/fuzzymuzik.com\/en\/wp-json\/wp\/v2\/product"}],"about":[{"href":"https:\/\/fuzzymuzik.com\/en\/wp-json\/wp\/v2\/types\/product"}],"wp:featuredmedia":[{"embeddable":true,"href":"https:\/\/fuzzymuzik.com\/en\/wp-json\/wp\/v2\/media\/27753"}],"wp:attachment":[{"href":"https:\/\/fuzzymuzik.com\/en\/wp-json\/wp\/v2\/media?parent=27752"}],"wp:term":[{"taxonomy":"product_brand","embeddable":true,"href":"https:\/\/fuzzymuzik.com\/en\/wp-json\/wp\/v2\/product_brand?post=27752"},{"taxonomy":"product_cat","embeddable":true,"href":"https:\/\/fuzzymuzik.com\/en\/wp-json\/wp\/v2\/product_cat?post=27752"},{"taxonomy":"product_tag","embeddable":true,"href":"https:\/\/fuzzymuzik.com\/en\/wp-json\/wp\/v2\/product_tag?post=27752"}],"curies":[{"name":"wp","href":"https:\/\/api.w.org\/{rel}","templated":true}]}}