{"id":27530,"date":"2024-12-27T13:48:51","date_gmt":"2024-12-27T18:48:51","guid":{"rendered":"https:\/\/fuzzymuzik.com\/?post_type=product&#038;p=27530"},"modified":"2024-12-27T13:55:03","modified_gmt":"2024-12-27T18:55:03","slug":"joe-farrell-moon-germs-lp-_-pressing-orig-italy","status":"publish","type":"product","link":"https:\/\/fuzzymuzik.com\/en\/product\/joe-farrell-moon-germs-lp-_-pressing-orig-italy\/","title":{"rendered":"Joe Farrell \u2013 Moon Germs LP _ Pressing orig. Italy"},"content":{"rendered":"","protected":false},"excerpt":{"rendered":"<p>Labels top clean, aucune \u00e9criture sinon l&rsquo;hobituelle estampe d&rsquo;importation italienne, one side only.<\/p>\n<p>Vinyle, LP, Album, CTI Records \u2013 CTI 6023, 1974, Italy<\/p>\n<p>Vinyl condition: NM-<\/p>\n<p>\u00c9tat de la pochette : VG (classique des pochettes europ\u00e9ennes \u00e0 bretelles) _ d\u00e9chirure top seam mais visuel de l&rsquo;endos. Le vinyle (le plus important) est quasi impeccable.<\/p>\n<p>_____<\/p>\n<p>We use disc images for reference only. Please note that the photos shown are for reference only. Please refer to our legend to fully understand the condition.<\/p>","protected":false},"featured_media":27534,"template":"","meta":[],"product_brand":[],"product_cat":[125,40,27,33],"product_tag":[],"class_list":{"0":"post-27530","1":"product","2":"type-product","3":"status-publish","4":"has-post-thumbnail","6":"product_cat-funk-soul","7":"product_cat-jazz","8":"product_cat-vinyles","9":"product_cat-vinyles-usages","10":"product_shipping_class-disques-us","12":"first","13":"instock","14":"sold-individually","15":"taxable","16":"shipping-taxable","17":"purchasable","18":"product-type-simple"},"_links":{"self":[{"href":"https:\/\/fuzzymuzik.com\/en\/wp-json\/wp\/v2\/product\/27530","targetHints":{"allow":["GET"]}}],"collection":[{"href":"https:\/\/fuzzymuzik.com\/en\/wp-json\/wp\/v2\/product"}],"about":[{"href":"https:\/\/fuzzymuzik.com\/en\/wp-json\/wp\/v2\/types\/product"}],"wp:featuredmedia":[{"embeddable":true,"href":"https:\/\/fuzzymuzik.com\/en\/wp-json\/wp\/v2\/media\/27534"}],"wp:attachment":[{"href":"https:\/\/fuzzymuzik.com\/en\/wp-json\/wp\/v2\/media?parent=27530"}],"wp:term":[{"taxonomy":"product_brand","embeddable":true,"href":"https:\/\/fuzzymuzik.com\/en\/wp-json\/wp\/v2\/product_brand?post=27530"},{"taxonomy":"product_cat","embeddable":true,"href":"https:\/\/fuzzymuzik.com\/en\/wp-json\/wp\/v2\/product_cat?post=27530"},{"taxonomy":"product_tag","embeddable":true,"href":"https:\/\/fuzzymuzik.com\/en\/wp-json\/wp\/v2\/product_tag?post=27530"}],"curies":[{"name":"wp","href":"https:\/\/api.w.org\/{rel}","templated":true}]}}