{"id":27423,"date":"2026-01-17T10:04:26","date_gmt":"2026-01-17T15:04:26","guid":{"rendered":"https:\/\/fuzzymuzik.com\/?post_type=product&#038;p=27423"},"modified":"2026-04-04T11:36:17","modified_gmt":"2026-04-04T15:36:17","slug":"the-moody-blues-go-now-moody-blues-1-lp-_-misprint-mono-canada-promo","status":"publish","type":"product","link":"https:\/\/fuzzymuzik.com\/en\/product\/the-moody-blues-go-now-moody-blues-1-lp-_-misprint-mono-canada-promo\/","title":{"rendered":"The Moody Blues - Go Now - Moody Blues #1 LP _ Missprint MONO Canada + PROMO"},"content":{"rendered":"","protected":false},"excerpt":{"rendered":"<p>En voici un nice ! C&rsquo;est la version avec l&rsquo;erreur d&rsquo;impression sur la pochette et l&rsquo;\u00e9tiquette, la piste B5 est inscrite \u00ab\u00a0Bye Bye Burd\u00a0\u00bb. Collant \u00ab\u00a0Not for sale sur le label.<\/p>\n<p>Vinyle, LP, Label : London Records<span class=\"MuiTypography-root MuiTypography-labelSmall css-1kybk0l\"> - LL 3428 Miss print Mono Canada 1966<\/span><\/p>\n<p>Vinyl condition: NM-<\/p>\n<p>\u00c9tat de la pochette : VG+, un solide mais avec un coin sup\u00e9rieur gauche l\u00e9g\u00e8rement cogn\u00e9.<\/p>\n<p>_____<\/p>\n<p>We use disc images for reference only. Please note that the photos shown are for reference only. Please refer to our legend to fully understand the condition.<\/p>","protected":false},"featured_media":27424,"template":"","meta":[],"product_brand":[],"product_cat":[143,27,33],"product_tag":[],"class_list":{"0":"post-27423","1":"product","2":"type-product","3":"status-publish","4":"has-post-thumbnail","6":"product_cat-rock-vinyles-usages","7":"product_cat-vinyles","8":"product_cat-vinyles-usages","9":"product_shipping_class-disques-us","11":"first","12":"instock","13":"sold-individually","14":"taxable","15":"shipping-taxable","16":"purchasable","17":"product-type-simple"},"_links":{"self":[{"href":"https:\/\/fuzzymuzik.com\/en\/wp-json\/wp\/v2\/product\/27423","targetHints":{"allow":["GET"]}}],"collection":[{"href":"https:\/\/fuzzymuzik.com\/en\/wp-json\/wp\/v2\/product"}],"about":[{"href":"https:\/\/fuzzymuzik.com\/en\/wp-json\/wp\/v2\/types\/product"}],"wp:featuredmedia":[{"embeddable":true,"href":"https:\/\/fuzzymuzik.com\/en\/wp-json\/wp\/v2\/media\/27424"}],"wp:attachment":[{"href":"https:\/\/fuzzymuzik.com\/en\/wp-json\/wp\/v2\/media?parent=27423"}],"wp:term":[{"taxonomy":"product_brand","embeddable":true,"href":"https:\/\/fuzzymuzik.com\/en\/wp-json\/wp\/v2\/product_brand?post=27423"},{"taxonomy":"product_cat","embeddable":true,"href":"https:\/\/fuzzymuzik.com\/en\/wp-json\/wp\/v2\/product_cat?post=27423"},{"taxonomy":"product_tag","embeddable":true,"href":"https:\/\/fuzzymuzik.com\/en\/wp-json\/wp\/v2\/product_tag?post=27423"}],"curies":[{"name":"wp","href":"https:\/\/api.w.org\/{rel}","templated":true}]}}