{"id":25938,"date":"2025-09-11T19:00:37","date_gmt":"2025-09-11T23:00:37","guid":{"rendered":"https:\/\/fuzzymuzik.com\/?post_type=product&#038;p=25938"},"modified":"2025-08-31T16:50:26","modified_gmt":"2025-08-31T20:50:26","slug":"charles-trenet-toutes-mes-chansons-1937-1963-_-box-set-de-13-albums-lp","status":"publish","type":"product","link":"https:\/\/fuzzymuzik.com\/en\/product\/charles-trenet-toutes-mes-chansons-1937-1963-_-box-set-de-13-albums-lp\/","title":{"rendered":"Charles Trenet - Toutes Mes Chansons 1937 \/ 1963 _ Box set of 13 LP albums"},"content":{"rendered":"","protected":false},"excerpt":{"rendered":"<p>Int\u00e9grale qui \u00e9tait \u00ab\u00a0\u00e0 date\u00a0\u00bb en 1964. Combinaisons de titres en mono et st\u00e9r\u00e9o, un int\u00e9gral de qualit\u00e9 !<\/p>\n<p><span style=\"font-weight: 400;\">Box Set of 13 vinyl records, Label: Columbia - 2C 148 12.937\/49, (c)1964_(p)1978, France<\/span><\/p>\n<p><span style=\"font-weight: 400;\">Vinyl condition: 8 of 13 are NM-, 5 are VG+ fort to EX<\/span><\/p>\n<p><span style=\"font-weight: 400;\">Condition of cover: VG: corners and edges. Corners solidified.<\/span><\/p>\n<p>_____<\/p>\n<p><i><span style=\"font-weight: 400;\">We use disc images for reference only. Please note that the photos shown are for reference only. Please refer to our legend to fully understand the condition.<\/span><\/i><\/p>","protected":false},"featured_media":25941,"template":"","meta":[],"product_brand":[],"product_cat":[38,115,27,33],"product_tag":[],"class_list":{"0":"post-25938","1":"product","2":"type-product","3":"status-publish","4":"has-post-thumbnail","6":"product_cat-pop","7":"product_cat-quebecois-francophone-vinyles-usages","8":"product_cat-vinyles","9":"product_cat-vinyles-usages","10":"product_shipping_class-disques-us","12":"first","13":"instock","14":"sold-individually","15":"taxable","16":"shipping-taxable","17":"purchasable","18":"product-type-simple"},"_links":{"self":[{"href":"https:\/\/fuzzymuzik.com\/en\/wp-json\/wp\/v2\/product\/25938","targetHints":{"allow":["GET"]}}],"collection":[{"href":"https:\/\/fuzzymuzik.com\/en\/wp-json\/wp\/v2\/product"}],"about":[{"href":"https:\/\/fuzzymuzik.com\/en\/wp-json\/wp\/v2\/types\/product"}],"wp:featuredmedia":[{"embeddable":true,"href":"https:\/\/fuzzymuzik.com\/en\/wp-json\/wp\/v2\/media\/25941"}],"wp:attachment":[{"href":"https:\/\/fuzzymuzik.com\/en\/wp-json\/wp\/v2\/media?parent=25938"}],"wp:term":[{"taxonomy":"product_brand","embeddable":true,"href":"https:\/\/fuzzymuzik.com\/en\/wp-json\/wp\/v2\/product_brand?post=25938"},{"taxonomy":"product_cat","embeddable":true,"href":"https:\/\/fuzzymuzik.com\/en\/wp-json\/wp\/v2\/product_cat?post=25938"},{"taxonomy":"product_tag","embeddable":true,"href":"https:\/\/fuzzymuzik.com\/en\/wp-json\/wp\/v2\/product_tag?post=25938"}],"curies":[{"name":"wp","href":"https:\/\/api.w.org\/{rel}","templated":true}]}}