{"id":21847,"date":"2024-10-15T20:24:17","date_gmt":"2024-10-16T00:24:17","guid":{"rendered":"https:\/\/fuzzymuzik.com\/?post_type=product&#038;p=21847"},"modified":"2026-04-04T19:33:00","modified_gmt":"2026-04-04T23:33:00","slug":"genesis-selling-england-by-the-pound-lp-_-pressing-new-zealand","status":"publish","type":"product","link":"https:\/\/fuzzymuzik.com\/en\/product\/genesis-selling-england-by-the-pound-lp-_-pressing-new-zealand\/","title":{"rendered":"Genesis - Selling England by the Pound LP _ Pressing New Zealand"},"content":{"rendered":"","protected":false},"excerpt":{"rendered":"<p>Nous vendons progressivement des albums de Genesis en variations et origines multiples, comme cette tr\u00e8s int\u00e9ressante variation du \u00ab\u00a0Selling England By The Pound\u00a0\u00bb de 1973, from New Zealand !<\/p>\n<p>Vinyl, Label: Charisma - 6369 944, 1973, New Zealand<\/p>\n<p>Vinyl condition: Side one: EX (really close to NM-) _ Side two: STRONG VG+<\/p>\n<p>\u00c9tat de la pochette : VG+ (malgr\u00e9 une mince pochette \u00ab\u00a0\u00e0 l&rsquo;europ\u00e9enne\u00a0\u00bb, seams et spine intact, aucun ringwear et comme les disques allemands du d\u00e9but des ann\u00e9s 70 .. une pellicule de plastique commence \u00e0 peel off. Ici elle n&rsquo;est pas d\u00e9chir\u00e9e ce qui est exceptionnel.<\/p>\n<p>_____<\/p>\n<p>We use disc images for reference only. Please note that the photos shown are for reference only. Please refer to our legend to fully understand the condition.<\/p>","protected":false},"featured_media":21859,"template":"","meta":[],"product_brand":[],"product_cat":[54,27,33],"product_tag":[],"class_list":{"0":"post-21847","1":"product","2":"type-product","3":"status-publish","4":"has-post-thumbnail","6":"product_cat-progressif","7":"product_cat-vinyles","8":"product_cat-vinyles-usages","9":"product_shipping_class-disques-us","11":"first","12":"instock","13":"taxable","14":"shipping-taxable","15":"purchasable","16":"product-type-simple"},"_links":{"self":[{"href":"https:\/\/fuzzymuzik.com\/en\/wp-json\/wp\/v2\/product\/21847","targetHints":{"allow":["GET"]}}],"collection":[{"href":"https:\/\/fuzzymuzik.com\/en\/wp-json\/wp\/v2\/product"}],"about":[{"href":"https:\/\/fuzzymuzik.com\/en\/wp-json\/wp\/v2\/types\/product"}],"wp:featuredmedia":[{"embeddable":true,"href":"https:\/\/fuzzymuzik.com\/en\/wp-json\/wp\/v2\/media\/21859"}],"wp:attachment":[{"href":"https:\/\/fuzzymuzik.com\/en\/wp-json\/wp\/v2\/media?parent=21847"}],"wp:term":[{"taxonomy":"product_brand","embeddable":true,"href":"https:\/\/fuzzymuzik.com\/en\/wp-json\/wp\/v2\/product_brand?post=21847"},{"taxonomy":"product_cat","embeddable":true,"href":"https:\/\/fuzzymuzik.com\/en\/wp-json\/wp\/v2\/product_cat?post=21847"},{"taxonomy":"product_tag","embeddable":true,"href":"https:\/\/fuzzymuzik.com\/en\/wp-json\/wp\/v2\/product_tag?post=21847"}],"curies":[{"name":"wp","href":"https:\/\/api.w.org\/{rel}","templated":true}]}}