{"id":20155,"date":"2023-08-13T15:28:07","date_gmt":"2023-08-13T19:28:07","guid":{"rendered":"https:\/\/fuzzymuzik.com\/?post_type=product&#038;p=20155"},"modified":"2026-03-31T19:51:02","modified_gmt":"2026-03-31T23:51:02","slug":"the-rascals-see-lp-_-red-atlantic-1969-_-original-can","status":"publish","type":"product","link":"https:\/\/fuzzymuzik.com\/en\/product\/the-rascals-see-lp-_-red-atlantic-1969-_-original-can\/","title":{"rendered":"The Rascals - See LP _ Red Atlantic 1969 _ Original Can."},"content":{"rendered":"","protected":false},"excerpt":{"rendered":"<p>Disc <em>out of the box<\/em>, si nous venons de piquer votre curiosit\u00e9, vous \u00eates invit\u00e9 \u00e0 aller \u00e9couter \u00ab\u00a0Death&rsquo;s Reply\u00a0\u00bb. Perso. j&rsquo;adore cet album qui me surprendra toujours quant \u00e0 son prix de vente, comme quoi les excellents disques ne valent pas toujours \u00e0 la mesure de l&rsquo;appr\u00e9ciation qu&rsquo;on leur porte. J&rsquo;adore cet album !<\/p>\n<p><span style=\"font-weight: 400;\">inyle, LP, Album, Label : Atlantic - SD. 8246, 1969, Canada<\/span><\/p>\n<p><span style=\"font-weight: 400;\">Vinyl condition: VG+<\/span><\/p>\n<p><span style=\"font-weight: 400;\">Condition of cover: EX w\/ gatefold textured insert<\/span><\/p>\n<p>_____<\/p>\n<p><i><span style=\"font-weight: 400;\">We use disc images for reference only. Please note that the photos shown are for reference only. Please refer to our legend to fully understand the condition.<\/span><\/i><\/p>","protected":false},"featured_media":20159,"template":"","meta":[],"product_brand":[],"product_cat":[143,27,33],"product_tag":[],"class_list":{"0":"post-20155","1":"product","2":"type-product","3":"status-publish","4":"has-post-thumbnail","6":"product_cat-rock-vinyles-usages","7":"product_cat-vinyles","8":"product_cat-vinyles-usages","9":"product_shipping_class-disques-us","11":"first","12":"instock","13":"sold-individually","14":"taxable","15":"shipping-taxable","16":"purchasable","17":"product-type-simple"},"_links":{"self":[{"href":"https:\/\/fuzzymuzik.com\/en\/wp-json\/wp\/v2\/product\/20155","targetHints":{"allow":["GET"]}}],"collection":[{"href":"https:\/\/fuzzymuzik.com\/en\/wp-json\/wp\/v2\/product"}],"about":[{"href":"https:\/\/fuzzymuzik.com\/en\/wp-json\/wp\/v2\/types\/product"}],"wp:featuredmedia":[{"embeddable":true,"href":"https:\/\/fuzzymuzik.com\/en\/wp-json\/wp\/v2\/media\/20159"}],"wp:attachment":[{"href":"https:\/\/fuzzymuzik.com\/en\/wp-json\/wp\/v2\/media?parent=20155"}],"wp:term":[{"taxonomy":"product_brand","embeddable":true,"href":"https:\/\/fuzzymuzik.com\/en\/wp-json\/wp\/v2\/product_brand?post=20155"},{"taxonomy":"product_cat","embeddable":true,"href":"https:\/\/fuzzymuzik.com\/en\/wp-json\/wp\/v2\/product_cat?post=20155"},{"taxonomy":"product_tag","embeddable":true,"href":"https:\/\/fuzzymuzik.com\/en\/wp-json\/wp\/v2\/product_tag?post=20155"}],"curies":[{"name":"wp","href":"https:\/\/api.w.org\/{rel}","templated":true}]}}