{"id":19544,"date":"2023-06-26T13:50:36","date_gmt":"2023-06-26T17:50:36","guid":{"rendered":"https:\/\/fuzzymuzik.com\/?post_type=product&#038;p=19544"},"modified":"2026-03-31T19:45:22","modified_gmt":"2026-03-31T23:45:22","slug":"cuvee-choix-quebecois-lp-w-les-b-b","status":"publish","type":"product","link":"https:\/\/fuzzymuzik.com\/en\/product\/cuvee-choix-quebecois-lp-w-les-b-b\/","title":{"rendered":"Cuv\u00e9e: Choix Qu\u00e9b\u00e9cois LP w\/ Les B.B."},"content":{"rendered":"","protected":false},"excerpt":{"rendered":"<p>Rare Isma pressing, blue disc and issued in 1991, Club Edition. Rare<\/p>\n<p>Vinyl, Album, Label : ISBA - IS 2026, 1991, Canada<\/p>\n<p>Vinyl condition: NM-<\/p>\n<p>Condition of sleeve: VG+ (one crease at bottom, otherwise would be NM-)<\/p>\n<p>_____<\/p>\n<p>We use disc images for reference only. Please note that the photos shown are for reference only. Please refer to our legend to fully understand the condition.<\/p>","protected":false},"featured_media":19652,"template":"","meta":[],"product_brand":[],"product_cat":[115,27,33],"product_tag":[],"class_list":{"0":"post-19544","1":"product","2":"type-product","3":"status-publish","4":"has-post-thumbnail","6":"product_cat-quebecois-francophone-vinyles-usages","7":"product_cat-vinyles","8":"product_cat-vinyles-usages","9":"product_shipping_class-disques-us","11":"first","12":"instock","13":"sold-individually","14":"taxable","15":"shipping-taxable","16":"purchasable","17":"product-type-simple"},"_links":{"self":[{"href":"https:\/\/fuzzymuzik.com\/en\/wp-json\/wp\/v2\/product\/19544","targetHints":{"allow":["GET"]}}],"collection":[{"href":"https:\/\/fuzzymuzik.com\/en\/wp-json\/wp\/v2\/product"}],"about":[{"href":"https:\/\/fuzzymuzik.com\/en\/wp-json\/wp\/v2\/types\/product"}],"wp:featuredmedia":[{"embeddable":true,"href":"https:\/\/fuzzymuzik.com\/en\/wp-json\/wp\/v2\/media\/19652"}],"wp:attachment":[{"href":"https:\/\/fuzzymuzik.com\/en\/wp-json\/wp\/v2\/media?parent=19544"}],"wp:term":[{"taxonomy":"product_brand","embeddable":true,"href":"https:\/\/fuzzymuzik.com\/en\/wp-json\/wp\/v2\/product_brand?post=19544"},{"taxonomy":"product_cat","embeddable":true,"href":"https:\/\/fuzzymuzik.com\/en\/wp-json\/wp\/v2\/product_cat?post=19544"},{"taxonomy":"product_tag","embeddable":true,"href":"https:\/\/fuzzymuzik.com\/en\/wp-json\/wp\/v2\/product_tag?post=19544"}],"curies":[{"name":"wp","href":"https:\/\/api.w.org\/{rel}","templated":true}]}}