{"id":14075,"date":"2022-09-04T16:07:50","date_gmt":"2022-09-04T20:07:50","guid":{"rendered":"https:\/\/fuzzymuzik.com\/?post_type=product&#038;p=14075"},"modified":"2026-03-31T19:18:14","modified_gmt":"2026-03-31T23:18:14","slug":"the-incredible-string-band-liquid-acrobat-as-regards-the-air-lp","status":"publish","type":"product","link":"https:\/\/fuzzymuzik.com\/en\/product\/the-incredible-string-band-liquid-acrobat-as-regards-the-air-lp\/","title":{"rendered":"The Incredible String Band - Liquid Acrobat As Regards The Air LP"},"content":{"rendered":"","protected":false},"excerpt":{"rendered":"<p>Nous ne connaissions pas cet album et sommes tr\u00e8s heureux de vous l&rsquo;offrir ! Allez l&rsquo;\u00e9couter pour vous faire une id\u00e9e. Je vais reprendre les mots d&rsquo;un compatriote : \u00ab\u00a0An awesome blend of progressive folk, eastern Raga folk-rock and psychedelia\u00a0\u00bb.<\/p>\n<p>Vinyl, Label: Elektra EKS-74122, January 1972, Canada<\/p>\n<p>Vinyl condition: VG+ (listens to loud VG because of a few ticks)<\/p>\n<p>Condition of cover: VG+ (a little black inlay in the matte), seams and spine impeccable, gatefold, Cheap Thrills prize on sleeve, with its legendary stamp on prize and label.<\/p>\n<p>_____<\/p>\n<p>We use disc images for reference only. Please note that the photos shown are for reference only. Please refer to our legend to fully understand the condition.<\/p>","protected":false},"featured_media":14076,"template":"","meta":[],"product_brand":[],"product_cat":[118,143,27,33],"product_tag":[],"class_list":{"0":"post-14075","1":"product","2":"type-product","3":"status-publish","4":"has-post-thumbnail","6":"product_cat-liquidations","7":"product_cat-rock-vinyles-usages","8":"product_cat-vinyles","9":"product_cat-vinyles-usages","10":"product_shipping_class-disques-us","12":"first","13":"instock","14":"sale","15":"downloadable","16":"taxable","17":"shipping-taxable","18":"purchasable","19":"product-type-simple"},"_links":{"self":[{"href":"https:\/\/fuzzymuzik.com\/en\/wp-json\/wp\/v2\/product\/14075","targetHints":{"allow":["GET"]}}],"collection":[{"href":"https:\/\/fuzzymuzik.com\/en\/wp-json\/wp\/v2\/product"}],"about":[{"href":"https:\/\/fuzzymuzik.com\/en\/wp-json\/wp\/v2\/types\/product"}],"wp:featuredmedia":[{"embeddable":true,"href":"https:\/\/fuzzymuzik.com\/en\/wp-json\/wp\/v2\/media\/14076"}],"wp:attachment":[{"href":"https:\/\/fuzzymuzik.com\/en\/wp-json\/wp\/v2\/media?parent=14075"}],"wp:term":[{"taxonomy":"product_brand","embeddable":true,"href":"https:\/\/fuzzymuzik.com\/en\/wp-json\/wp\/v2\/product_brand?post=14075"},{"taxonomy":"product_cat","embeddable":true,"href":"https:\/\/fuzzymuzik.com\/en\/wp-json\/wp\/v2\/product_cat?post=14075"},{"taxonomy":"product_tag","embeddable":true,"href":"https:\/\/fuzzymuzik.com\/en\/wp-json\/wp\/v2\/product_tag?post=14075"}],"curies":[{"name":"wp","href":"https:\/\/api.w.org\/{rel}","templated":true}]}}