{"id":13244,"date":"2026-04-05T14:37:43","date_gmt":"2026-04-05T18:37:43","guid":{"rendered":"https:\/\/fuzzymuzik.com\/?post_type=product&#038;p=13244"},"modified":"2026-04-05T16:11:09","modified_gmt":"2026-04-05T20:11:09","slug":"king-crimson-starless-and-bible-black-island-records-lp_-uk-texture","status":"publish","type":"product","link":"https:\/\/fuzzymuzik.com\/en\/product\/king-crimson-starless-and-bible-black-island-records-lp_-uk-texture\/","title":{"rendered":"King Crimson - Starless And Bible Black (Island Records) LP_ UK Textured"},"content":{"rendered":"","protected":false},"excerpt":{"rendered":"<p>Vinyle, LP, Label : Island Records \u2013 ILPS 9275, 1974, UK<\/p>\n<p>Vinyl condition: NM-<\/p>\n<p>\u00c9tat de la pochette : VG+, w\/ OIS : petite d\u00e9chirure \u00e0 l&rsquo;endos. Pochette textur\u00e9e. Autrement, elle serait NM-<\/p>\n<p>_____<\/p>\n<p><em>We use disc images for reference only. Please note that the photos shown are for reference only. Please refer to our legend to fully understand the condition.<\/em><\/p>","protected":false},"featured_media":13246,"template":"","meta":[],"product_brand":[],"product_cat":[54,143,27,33],"product_tag":[],"class_list":{"0":"post-13244","1":"product","2":"type-product","3":"status-publish","4":"has-post-thumbnail","6":"product_cat-progressif","7":"product_cat-rock-vinyles-usages","8":"product_cat-vinyles","9":"product_cat-vinyles-usages","10":"product_shipping_class-disques-us","12":"first","13":"instock","14":"sold-individually","15":"taxable","16":"shipping-taxable","17":"purchasable","18":"product-type-simple"},"_links":{"self":[{"href":"https:\/\/fuzzymuzik.com\/en\/wp-json\/wp\/v2\/product\/13244","targetHints":{"allow":["GET"]}}],"collection":[{"href":"https:\/\/fuzzymuzik.com\/en\/wp-json\/wp\/v2\/product"}],"about":[{"href":"https:\/\/fuzzymuzik.com\/en\/wp-json\/wp\/v2\/types\/product"}],"wp:featuredmedia":[{"embeddable":true,"href":"https:\/\/fuzzymuzik.com\/en\/wp-json\/wp\/v2\/media\/13246"}],"wp:attachment":[{"href":"https:\/\/fuzzymuzik.com\/en\/wp-json\/wp\/v2\/media?parent=13244"}],"wp:term":[{"taxonomy":"product_brand","embeddable":true,"href":"https:\/\/fuzzymuzik.com\/en\/wp-json\/wp\/v2\/product_brand?post=13244"},{"taxonomy":"product_cat","embeddable":true,"href":"https:\/\/fuzzymuzik.com\/en\/wp-json\/wp\/v2\/product_cat?post=13244"},{"taxonomy":"product_tag","embeddable":true,"href":"https:\/\/fuzzymuzik.com\/en\/wp-json\/wp\/v2\/product_tag?post=13244"}],"curies":[{"name":"wp","href":"https:\/\/api.w.org\/{rel}","templated":true}]}}