{"id":11517,"date":"2023-06-03T12:03:48","date_gmt":"2023-06-03T16:03:48","guid":{"rendered":"https:\/\/fuzzymuzik.com\/?post_type=product&#038;p=11517"},"modified":"2026-03-31T19:47:12","modified_gmt":"2026-03-31T23:47:12","slug":"nation-of-language-a-way-forward-lp","status":"publish","type":"product","link":"https:\/\/fuzzymuzik.com\/en\/product\/nation-of-language-a-way-forward-lp\/","title":{"rendered":"Nation of Language &#8211; A Way Forward LP"},"content":{"rendered":"","protected":false},"excerpt":{"rendered":"<p>A FuzzyMuzik favorite!<\/p>\n<p>Amateurs du son des ann\u00e9es 80s, de Peter Gabriel dans ses meilleurs ann\u00e9es (oui oui) &#8230; il vous faut cet album ! On p\u00e9n\u00e8tre dans un univers musical grandement influenc\u00e9 par les Kraftwerk, Depeche Mode, les Cure et encore Orchestral Manoeuvres in the Dark. C&rsquo;est \u00e0 notre avis un des diamants produit et compos\u00e9 en pleine pand\u00e9mie. Simplement \u00e9couter \u00ab\u00a0The Grey Commute\u00a0\u00bb ou \u00ab\u00a0Across That Fine Line\u00a0\u00bb pour en \u00eatre convaincu !<\/p>\n<p>PIAS Pressing 2021.<\/p>\n<p>Vinyl, LP, Album PIASR1270LP, 2021<\/p>\n<p>Condition of cover: MINT<\/p>\n<p>Vinyl status: MINT<\/p>\n<p>_____<\/p>\n<p>We use disc images for reference only. Please note that the photos shown are for reference only. Please refer to our legend to fully understand the condition.<\/p>","protected":false},"featured_media":11519,"template":"","meta":[],"product_brand":[],"product_cat":[65,27,34],"product_tag":[],"class_list":{"0":"post-11517","1":"product","2":"type-product","3":"status-publish","4":"has-post-thumbnail","6":"product_cat-alternatif-vinyles-neufs","7":"product_cat-vinyles","8":"product_cat-vinyles-neufs","9":"product_shipping_class-disques-us","11":"first","12":"instock","13":"sold-individually","14":"taxable","15":"shipping-taxable","16":"purchasable","17":"product-type-simple"},"_links":{"self":[{"href":"https:\/\/fuzzymuzik.com\/en\/wp-json\/wp\/v2\/product\/11517","targetHints":{"allow":["GET"]}}],"collection":[{"href":"https:\/\/fuzzymuzik.com\/en\/wp-json\/wp\/v2\/product"}],"about":[{"href":"https:\/\/fuzzymuzik.com\/en\/wp-json\/wp\/v2\/types\/product"}],"wp:featuredmedia":[{"embeddable":true,"href":"https:\/\/fuzzymuzik.com\/en\/wp-json\/wp\/v2\/media\/11519"}],"wp:attachment":[{"href":"https:\/\/fuzzymuzik.com\/en\/wp-json\/wp\/v2\/media?parent=11517"}],"wp:term":[{"taxonomy":"product_brand","embeddable":true,"href":"https:\/\/fuzzymuzik.com\/en\/wp-json\/wp\/v2\/product_brand?post=11517"},{"taxonomy":"product_cat","embeddable":true,"href":"https:\/\/fuzzymuzik.com\/en\/wp-json\/wp\/v2\/product_cat?post=11517"},{"taxonomy":"product_tag","embeddable":true,"href":"https:\/\/fuzzymuzik.com\/en\/wp-json\/wp\/v2\/product_tag?post=11517"}],"curies":[{"name":"wp","href":"https:\/\/api.w.org\/{rel}","templated":true}]}}