{"id":10664,"date":"2022-04-21T11:57:21","date_gmt":"2022-04-21T15:57:21","guid":{"rendered":"https:\/\/fuzzymuzik.com\/?post_type=product&#038;p=10664"},"modified":"2026-03-26T19:56:36","modified_gmt":"2026-03-26T23:56:36","slug":"10664","status":"publish","type":"product","link":"https:\/\/fuzzymuzik.com\/en\/product\/10664\/","title":{"rendered":"Dylan. Images of his life _ Boxed set"},"content":{"rendered":"","protected":false},"excerpt":{"rendered":"<p>Figure majeure de la musique pop, Bob Dylan est n\u00e9 le 24 mai 1941 dans le Minnesota. Influenc\u00e9 par la country, son style musical s&rsquo;est exprim\u00e9 dans tous les styles : rock, folk, blues&#8230; Chanteur engag\u00e9 dans les luttes de la jeunesse am\u00e9ricaine des ann\u00e9es 60, ap\u00f4tre de la contreculture, il en composaa les \u00a0\u00bb hymnes \u00a0\u00bb contre la guerre du Vietnam tels Blowin&rsquo; in the Wind ou The Times They Are a-Changin. Riche d&rsquo;une quarantaine d&rsquo;albums, l&rsquo;\u0153uvre de Bob Dylan r\u00e9unit la musique traditionnelle am\u00e9ricaine et la modernit\u00e9 la plus avant-gardiste. Il est l&rsquo;un des artistes qui ont le plus r\u00e9volutionn\u00e9 la musique populaire dans les ann\u00e9es 1960 et 1970. Son influence d\u00e9borde m\u00eame du cadre de la musique, s&rsquo;\u00e9tendant \u00e0 la litt\u00e9rature, au cin\u00e9ma et m\u00eame \u00e0 la politique.<\/p>\n<p>256 pages, hardcover with binding, with paper cover AND in slipcase. Condition of box and paper cover: VG++. Book : NM- !<\/p>\n<p>_____<\/p>\n<p>We use disc images for reference only. Please note that the photos shown are for reference only. Please refer to our legend to fully understand the condition.<\/p>","protected":false},"featured_media":10665,"template":"","meta":[],"product_brand":[],"product_cat":[129],"product_tag":[],"class_list":{"0":"post-10664","1":"product","2":"type-product","3":"status-publish","4":"has-post-thumbnail","6":"product_cat-books-_-livres","7":"product_shipping_class-disques-us","9":"first","10":"instock","11":"taxable","12":"shipping-taxable","13":"purchasable","14":"product-type-simple"},"_links":{"self":[{"href":"https:\/\/fuzzymuzik.com\/en\/wp-json\/wp\/v2\/product\/10664","targetHints":{"allow":["GET"]}}],"collection":[{"href":"https:\/\/fuzzymuzik.com\/en\/wp-json\/wp\/v2\/product"}],"about":[{"href":"https:\/\/fuzzymuzik.com\/en\/wp-json\/wp\/v2\/types\/product"}],"wp:featuredmedia":[{"embeddable":true,"href":"https:\/\/fuzzymuzik.com\/en\/wp-json\/wp\/v2\/media\/10665"}],"wp:attachment":[{"href":"https:\/\/fuzzymuzik.com\/en\/wp-json\/wp\/v2\/media?parent=10664"}],"wp:term":[{"taxonomy":"product_brand","embeddable":true,"href":"https:\/\/fuzzymuzik.com\/en\/wp-json\/wp\/v2\/product_brand?post=10664"},{"taxonomy":"product_cat","embeddable":true,"href":"https:\/\/fuzzymuzik.com\/en\/wp-json\/wp\/v2\/product_cat?post=10664"},{"taxonomy":"product_tag","embeddable":true,"href":"https:\/\/fuzzymuzik.com\/en\/wp-json\/wp\/v2\/product_tag?post=10664"}],"curies":[{"name":"wp","href":"https:\/\/api.w.org\/{rel}","templated":true}]}}