{"id":10655,"date":"2022-04-21T11:27:12","date_gmt":"2022-04-21T15:27:12","guid":{"rendered":"https:\/\/fuzzymuzik.com\/?post_type=product&#038;p=10655"},"modified":"2026-04-07T20:28:35","modified_gmt":"2026-04-08T00:28:35","slug":"the-miles-davis-book-_-edition-en-francais","status":"publish","type":"product","link":"https:\/\/fuzzymuzik.com\/en\/product\/the-miles-davis-book-_-edition-en-francais\/","title":{"rendered":"The Miles Davis Book _ French Edition !"},"content":{"rendered":"","protected":false},"excerpt":{"rendered":"<p>Cet ouvrage ambitionne de r\u00e9v\u00e9ler un musicien qui d\u00e9passe le monde du jazz o\u00f9 la critique l&rsquo;a souvent rel\u00e9gu\u00e9. Comme dans les pr\u00e9c\u00e9dents ouvrages de la collection \u00ab\u00a0Vibrations\u00a0\u00bb, la trajectoire personnelle et artistique du musicien est trait\u00e9e \u00e0 partir d&rsquo;une riche iconographie accompagn\u00e9e de textes aidant le lecteur \u00e0 se rep\u00e9rer dans les \u00e9poques et les styles abord\u00e9s. Des essais originaux par des auteurs et des sp\u00e9cialistes de l&rsquo;oeuvre compl\u00e8tent l&rsquo;ouvrage.<\/p>\n<p>100 pages, hardcover with binding. Condition: NM- with intact cover and obi book preserved.<\/p>\n<p>_____<\/p>\n<p>We use disc images for reference only. Please note that the photos shown are for reference only. Please refer to our legend to fully understand the condition.<\/p>","protected":false},"featured_media":10656,"template":"","meta":[],"product_brand":[],"product_cat":[129,118],"product_tag":[],"class_list":{"0":"post-10655","1":"product","2":"type-product","3":"status-publish","4":"has-post-thumbnail","6":"product_cat-books-_-livres","7":"product_cat-liquidations","8":"product_shipping_class-disques-us","10":"first","11":"instock","12":"sale","13":"taxable","14":"shipping-taxable","15":"purchasable","16":"product-type-simple"},"_links":{"self":[{"href":"https:\/\/fuzzymuzik.com\/en\/wp-json\/wp\/v2\/product\/10655","targetHints":{"allow":["GET"]}}],"collection":[{"href":"https:\/\/fuzzymuzik.com\/en\/wp-json\/wp\/v2\/product"}],"about":[{"href":"https:\/\/fuzzymuzik.com\/en\/wp-json\/wp\/v2\/types\/product"}],"wp:featuredmedia":[{"embeddable":true,"href":"https:\/\/fuzzymuzik.com\/en\/wp-json\/wp\/v2\/media\/10656"}],"wp:attachment":[{"href":"https:\/\/fuzzymuzik.com\/en\/wp-json\/wp\/v2\/media?parent=10655"}],"wp:term":[{"taxonomy":"product_brand","embeddable":true,"href":"https:\/\/fuzzymuzik.com\/en\/wp-json\/wp\/v2\/product_brand?post=10655"},{"taxonomy":"product_cat","embeddable":true,"href":"https:\/\/fuzzymuzik.com\/en\/wp-json\/wp\/v2\/product_cat?post=10655"},{"taxonomy":"product_tag","embeddable":true,"href":"https:\/\/fuzzymuzik.com\/en\/wp-json\/wp\/v2\/product_tag?post=10655"}],"curies":[{"name":"wp","href":"https:\/\/api.w.org\/{rel}","templated":true}]}}