{"id":30806,"date":"2025-01-30T10:50:33","date_gmt":"2025-01-30T15:50:33","guid":{"rendered":"https:\/\/fuzzymuzik.com\/?post_type=product&#038;p=30806"},"modified":"2026-01-30T10:58:39","modified_gmt":"2026-01-30T15:58:39","slug":"phil-collins-going-back-2x-lp","status":"publish","type":"product","link":"http:\/\/fuzzymuzik.com\/en\/product\/phil-collins-going-back-2x-lp\/","title":{"rendered":"Phil Collins \u2013 Going Back 2X LP"},"content":{"rendered":"","protected":false},"excerpt":{"rendered":"<p>Vinyle, LP, Label : Atlantic \u2013 075678924286, Europe, 2013<\/p>\n<p>Vinyl condition: NM- _ NM-<\/p>\n<p>\u00c9tat de la pochette : VG : coin sup\u00e9rieur droit endommag\u00e9 par la poste et split seams top, w\/ OIS (2)<\/p>\n<p>_____<\/p>\n<p>We use disc images for reference only. Please note that the photos shown are for reference only. Please refer to our legend to fully understand the condition.<\/p>","protected":false},"featured_media":30812,"template":"","meta":[],"product_brand":[],"product_cat":[125,38,27,33],"product_tag":[],"class_list":{"0":"post-30806","1":"product","2":"type-product","3":"status-publish","4":"has-post-thumbnail","6":"product_cat-funk-soul","7":"product_cat-pop","8":"product_cat-vinyles","9":"product_cat-vinyles-usages","10":"product_shipping_class-disques-us","12":"first","13":"instock","14":"sold-individually","15":"taxable","16":"shipping-taxable","17":"purchasable","18":"product-type-simple"},"_links":{"self":[{"href":"http:\/\/fuzzymuzik.com\/en\/wp-json\/wp\/v2\/product\/30806","targetHints":{"allow":["GET"]}}],"collection":[{"href":"http:\/\/fuzzymuzik.com\/en\/wp-json\/wp\/v2\/product"}],"about":[{"href":"http:\/\/fuzzymuzik.com\/en\/wp-json\/wp\/v2\/types\/product"}],"wp:featuredmedia":[{"embeddable":true,"href":"http:\/\/fuzzymuzik.com\/en\/wp-json\/wp\/v2\/media\/30812"}],"wp:attachment":[{"href":"http:\/\/fuzzymuzik.com\/en\/wp-json\/wp\/v2\/media?parent=30806"}],"wp:term":[{"taxonomy":"product_brand","embeddable":true,"href":"http:\/\/fuzzymuzik.com\/en\/wp-json\/wp\/v2\/product_brand?post=30806"},{"taxonomy":"product_cat","embeddable":true,"href":"http:\/\/fuzzymuzik.com\/en\/wp-json\/wp\/v2\/product_cat?post=30806"},{"taxonomy":"product_tag","embeddable":true,"href":"http:\/\/fuzzymuzik.com\/en\/wp-json\/wp\/v2\/product_tag?post=30806"}],"curies":[{"name":"wp","href":"https:\/\/api.w.org\/{rel}","templated":true}]}}